{"id":487,"date":"2025-10-01T03:15:40","date_gmt":"2025-10-01T03:15:40","guid":{"rendered":"https:\/\/dellmeco.ca\/?page_id=487"},"modified":"2026-04-05T18:27:24","modified_gmt":"2026-04-05T18:27:24","slug":"dme-plastic-series","status":"publish","type":"page","link":"https:\/\/dellmeco.ca\/fr\/dme-plastic-series\/","title":{"rendered":"S\u00c9RIE PLASTIQUE DME"},"content":{"rendered":"<h2>POMPES DME<br \/>\n<\/h2>\n<p>\t\t\t\t\t\t\t\t\t\t\t\t\t\t\t<img fetchpriority=\"high\" decoding=\"async\" width=\"1000\" height=\"1144\" src=\"https:\/\/dellmeco.ca\/wp-content\/uploads\/2025\/10\/KUNSTSTOF-Series-DME-Pomp-1e-afbeelding.jpg\" alt=\"\" srcset=\"https:\/\/dellmeco.ca\/wp-content\/uploads\/2025\/10\/KUNSTSTOF-Series-DME-Pomp-1e-afbeelding.jpg 1000w, https:\/\/dellmeco.ca\/wp-content\/uploads\/2025\/10\/KUNSTSTOF-Series-DME-Pomp-1e-afbeelding-262x300.jpg 262w, https:\/\/dellmeco.ca\/wp-content\/uploads\/2025\/10\/KUNSTSTOF-Series-DME-Pomp-1e-afbeelding-895x1024.jpg 895w, https:\/\/dellmeco.ca\/wp-content\/uploads\/2025\/10\/KUNSTSTOF-Series-DME-Pomp-1e-afbeelding-768x879.jpg 768w\" sizes=\"(max-width: 1000px) 100vw, 1000px\" \/>\t\t\t\t\t\t\t\t\t\t\t\t\t\t\t\t<\/p>\n<h2>S\u00e9rie Plastique DME <\/h2>\n<h2>S\u00e9rie \u00e9lectrom\u00e9canique pour diverses applications<br \/>\n<\/h2>\n<p><b>INFORMATIONS DE BASE<\/b><b><br \/><\/b>Cette technologie de pompe est sp\u00e9cialement con\u00e7ue pour des applications universelles n\u00e9cessitant une faible pression \u2013 jusqu\u2019\u00e0 un maximum de 6 bars.<br \/>La pompe DME \u00e0 double membrane \u00e0 entra\u00eenement \u00e9lectrom\u00e9canique, est tr\u00e8s \u00e9conome en \u00e9nergie.<br \/>Gr\u00e2ce \u00e0 sa conception compacte et sp\u00e9ciale, aucun fluide hydraulique n\u2019est n\u00e9cessaire et la pompe peut \u00eatre \u00e9quip\u00e9e de mani\u00e8re flexible pour r\u00e9pondre pr\u00e9cis\u00e9ment aux exigences de performance de chaque application sp\u00e9cifique.<\/p>\n<p>Le concept de cette pompe \u00e0 entra\u00eenement \u00e9lectrom\u00e9canique et sa faible consommation d\u2019\u00e9nergie, m\u00eame dans les applications les plus diverses et les plus exigeantes, ont contribu\u00e9 \u00e0 la solide r\u00e9putation de DELLMECO.<\/p>\n<p>\t\t\t\t\t\t\t\t<a href=\"https:\/\/dellmeco.ca\/manual\/\"><br \/>\n\t\t\t\t<svg aria-hidden=\"true\" viewbox=\"0 0 384 512\" xmlns=\"http:\/\/www.w3.org\/2000\/svg\"><path d=\"M288 248v28c0 6.6-5.4 12-12 12H108c-6.6 0-12-5.4-12-12v-28c0-6.6 5.4-12 12-12h168c6.6 0 12 5.4 12 12zm-12 72H108c-6.6 0-12 5.4-12 12v28c0 6.6 5.4 12 12 12h168c6.6 0 12-5.4 12-12v-28c0-6.6-5.4-12-12-12zm108-188.1V464c0 26.5-21.5 48-48 48H48c-26.5 0-48-21.5-48-48V48C0 21.5 21.5 0 48 0h204.1C264.8 0 277 5.1 286 14.1L369.9 98c9 8.9 14.1 21.2 14.1 33.9zm-128-80V128h76.1L256 51.9zM336 464V176H232c-13.3 0-24-10.7-24-24V48H48v416h288z\"><\/path><\/svg><br \/>\n\t\t\t\t\t\t\t\t\tVOIR LES MANUELS<br \/>\n\t\t\t\t\t<\/a><br \/>\n\t\t\t\t\t\t\t\t\t\t\t\t\t\t\t\t\t\t\t<img decoding=\"async\" width=\"400\" height=\"284\" src=\"https:\/\/dellmeco.ca\/wp-content\/uploads\/2025\/10\/KUNSTSTOF-Series-DME-Pomp-2e.jpg\" alt=\"\" srcset=\"https:\/\/dellmeco.ca\/wp-content\/uploads\/2025\/10\/KUNSTSTOF-Series-DME-Pomp-2e.jpg 400w, https:\/\/dellmeco.ca\/wp-content\/uploads\/2025\/10\/KUNSTSTOF-Series-DME-Pomp-2e-300x213.jpg 300w\" sizes=\"(max-width: 400px) 100vw, 400px\" \/>\t\t\t\t\t\t\t\t\t\t\t\t\t\t\t\t\t\t\t\t\t\t\t\t\t\t<img decoding=\"async\" width=\"400\" height=\"284\" src=\"https:\/\/dellmeco.ca\/wp-content\/uploads\/2025\/10\/KUNSTSTOF-Series-DME-Pomp-3e.jpg\" alt=\"\" srcset=\"https:\/\/dellmeco.ca\/wp-content\/uploads\/2025\/10\/KUNSTSTOF-Series-DME-Pomp-3e.jpg 400w, https:\/\/dellmeco.ca\/wp-content\/uploads\/2025\/10\/KUNSTSTOF-Series-DME-Pomp-3e-300x213.jpg 300w\" sizes=\"(max-width: 400px) 100vw, 400px\" \/>\t\t\t\t\t\t\t\t\t\t\t\t\t\t\t\t\t\t\t\t\t\t\t\t\t\t<img loading=\"lazy\" decoding=\"async\" width=\"400\" height=\"284\" src=\"https:\/\/dellmeco.ca\/wp-content\/uploads\/2025\/10\/KUNSTSTOF-Series-DME-Pomp-4e.jpg\" alt=\"\" srcset=\"https:\/\/dellmeco.ca\/wp-content\/uploads\/2025\/10\/KUNSTSTOF-Series-DME-Pomp-4e.jpg 400w, https:\/\/dellmeco.ca\/wp-content\/uploads\/2025\/10\/KUNSTSTOF-Series-DME-Pomp-4e-300x213.jpg 300w\" sizes=\"(max-width: 400px) 100vw, 400px\" \/>\t\t\t\t\t\t\t\t\t\t\t\t\t\t\t\t\t\t\t\t\t\t\t\t\t\t<img loading=\"lazy\" decoding=\"async\" width=\"400\" height=\"284\" src=\"https:\/\/dellmeco.ca\/wp-content\/uploads\/2025\/10\/KUNSTSTOF-Series-DME-Pomp-5e.jpg\" alt=\"\" srcset=\"https:\/\/dellmeco.ca\/wp-content\/uploads\/2025\/10\/KUNSTSTOF-Series-DME-Pomp-5e.jpg 400w, https:\/\/dellmeco.ca\/wp-content\/uploads\/2025\/10\/KUNSTSTOF-Series-DME-Pomp-5e-300x213.jpg 300w\" sizes=\"(max-width: 400px) 100vw, 400px\" \/>\t\t\t\t\t\t\t\t\t\t\t\t\t<\/p>\n<p class=\" translation-block\">DIMENSIONS DES POMPES<strong> EN PE &amp; PTFE CONDUCTEUR<\/strong><\/p>\n<p>\t\t\t\t\t\t\t\t\t\t\t\t\t<img loading=\"lazy\" decoding=\"async\" width=\"1536\" height=\"484\" src=\"https:\/\/dellmeco.ca\/wp-content\/uploads\/2025\/10\/Geleidend-PE-Geleidend-PTFE-1536x484-1.png\" alt=\"\" srcset=\"https:\/\/dellmeco.ca\/wp-content\/uploads\/2025\/10\/Geleidend-PE-Geleidend-PTFE-1536x484-1.png 1536w, https:\/\/dellmeco.ca\/wp-content\/uploads\/2025\/10\/Geleidend-PE-Geleidend-PTFE-1536x484-1-300x95.png 300w, https:\/\/dellmeco.ca\/wp-content\/uploads\/2025\/10\/Geleidend-PE-Geleidend-PTFE-1536x484-1-1024x323.png 1024w, https:\/\/dellmeco.ca\/wp-content\/uploads\/2025\/10\/Geleidend-PE-Geleidend-PTFE-1536x484-1-768x242.png 768w\" sizes=\"(max-width: 1536px) 100vw, 1536px\" \/>\t\t\t\t\t\t\t\t\t\t\t\t\t\t\t\t\t\t\t\t\t\t\t\t\t\t<img loading=\"lazy\" decoding=\"async\" width=\"1536\" height=\"294\" src=\"https:\/\/dellmeco.ca\/wp-content\/uploads\/2025\/10\/Geleidend-PE-Geleidend-PTFE-2-1536x294-1.png\" alt=\"\" srcset=\"https:\/\/dellmeco.ca\/wp-content\/uploads\/2025\/10\/Geleidend-PE-Geleidend-PTFE-2-1536x294-1.png 1536w, https:\/\/dellmeco.ca\/wp-content\/uploads\/2025\/10\/Geleidend-PE-Geleidend-PTFE-2-1536x294-1-300x57.png 300w, https:\/\/dellmeco.ca\/wp-content\/uploads\/2025\/10\/Geleidend-PE-Geleidend-PTFE-2-1536x294-1-1024x196.png 1024w, https:\/\/dellmeco.ca\/wp-content\/uploads\/2025\/10\/Geleidend-PE-Geleidend-PTFE-2-1536x294-1-768x147.png 768w\" sizes=\"(max-width: 1536px) 100vw, 1536px\" \/>\t\t\t\t\t\t\t\t\t\t\t\t\t<\/p>\n<p class=\" translation-block\">DONN\u00c9ES <strong>TECHNIQUES <\/strong><\/p>\n<p class=\" translation-block\">CARACT\u00c9RISTIQUES <strong>DE D\u00c9BIT<\/strong><\/p>\n<p class=\" translation-block\">CODE DE LA<strong> POMPE DME<\/strong><\/p>\n<p>\t\t\t\t\t\t\t\t\t\t\t\t\t<img loading=\"lazy\" decoding=\"async\" width=\"1536\" height=\"1371\" src=\"https:\/\/dellmeco.ca\/wp-content\/uploads\/2025\/10\/Code-van-DME-pomp-1-1536x1371-1.png\" alt=\"\" srcset=\"https:\/\/dellmeco.ca\/wp-content\/uploads\/2025\/10\/Code-van-DME-pomp-1-1536x1371-1.png 1536w, https:\/\/dellmeco.ca\/wp-content\/uploads\/2025\/10\/Code-van-DME-pomp-1-1536x1371-1-300x268.png 300w, https:\/\/dellmeco.ca\/wp-content\/uploads\/2025\/10\/Code-van-DME-pomp-1-1536x1371-1-1024x914.png 1024w, https:\/\/dellmeco.ca\/wp-content\/uploads\/2025\/10\/Code-van-DME-pomp-1-1536x1371-1-768x686.png 768w\" sizes=\"(max-width: 1536px) 100vw, 1536px\" \/><\/p>","protected":false},"excerpt":{"rendered":"<p>DME PUMPS DME Plastic Series Electromechanical series for a variety of applications BASIC INFORMATIONThis pump technology is specially designed for universal applications requiring low pressure \u2013 up to a maximum of 6 bar.The DELLMECO DME is an electromechanically driven double diaphragm pump with a highly energy-efficient design.Thanks to its compact and special design, no hydraulic [&hellip;]<\/p>\n","protected":false},"author":1,"featured_media":0,"parent":0,"menu_order":0,"comment_status":"closed","ping_status":"closed","template":"elementor_header_footer","meta":{"footnotes":""},"class_list":["post-487","page","type-page","status-publish","hentry"],"yoast_head":"<!-- This site is optimized with the Yoast SEO Premium plugin v27.3 (Yoast SEO v27.3) - https:\/\/yoast.com\/product\/yoast-seo-premium-wordpress\/ -->\n<title>DME PLASTIC SERIES - Dellmeco | Manufacturer of pumps<\/title>\n<meta name=\"robots\" content=\"index, follow, max-snippet:-1, max-image-preview:large, max-video-preview:-1\" \/>\n<link rel=\"canonical\" href=\"https:\/\/dellmeco.ca\/fr\/dme-plastic-series\/\" \/>\n<meta property=\"og:locale\" content=\"fr_FR\" \/>\n<meta property=\"og:type\" content=\"article\" \/>\n<meta property=\"og:title\" content=\"DME PLASTIC SERIES\" \/>\n<meta property=\"og:description\" content=\"DME PUMPS DME Plastic Series Electromechanical series for a variety of applications BASIC INFORMATIONThis pump technology is specially designed for universal applications requiring low pressure \u2013 up to a maximum of 6 bar.The DELLMECO DME is an electromechanically driven double diaphragm pump with a highly energy-efficient design.Thanks to its compact and special design, no hydraulic [&hellip;]\" \/>\n<meta property=\"og:url\" content=\"https:\/\/dellmeco.ca\/fr\/dme-plastic-series\/\" \/>\n<meta property=\"og:site_name\" content=\"Dellmeco | Manufacturer of pumps\" \/>\n<meta property=\"article:modified_time\" content=\"2026-04-05T18:27:24+00:00\" \/>\n<meta property=\"og:image\" content=\"https:\/\/dellmeco.ca\/wp-content\/uploads\/2025\/10\/KUNSTSTOF-Series-DME-Pomp-1e-afbeelding.jpg\" \/>\n<meta name=\"twitter:card\" content=\"summary_large_image\" \/>\n<meta name=\"twitter:label1\" content=\"Dur\u00e9e de lecture estim\u00e9e\" \/>\n\t<meta name=\"twitter:data1\" content=\"1 minute\" \/>\n<script type=\"application\/ld+json\" class=\"yoast-schema-graph\">{\"@context\":\"https:\\\/\\\/schema.org\",\"@graph\":[{\"@type\":\"WebPage\",\"@id\":\"https:\\\/\\\/dellmeco.ca\\\/dme-plastic-series\\\/\",\"url\":\"https:\\\/\\\/dellmeco.ca\\\/dme-plastic-series\\\/\",\"name\":\"DME PLASTIC SERIES - Dellmeco | Manufacturer of pumps\",\"isPartOf\":{\"@id\":\"https:\\\/\\\/dellmeco.ca\\\/en\\\/#website\"},\"primaryImageOfPage\":{\"@id\":\"https:\\\/\\\/dellmeco.ca\\\/dme-plastic-series\\\/#primaryimage\"},\"image\":{\"@id\":\"https:\\\/\\\/dellmeco.ca\\\/dme-plastic-series\\\/#primaryimage\"},\"thumbnailUrl\":\"https:\\\/\\\/dellmeco.ca\\\/wp-content\\\/uploads\\\/2025\\\/10\\\/KUNSTSTOF-Series-DME-Pomp-1e-afbeelding.jpg\",\"datePublished\":\"2025-10-01T03:15:40+00:00\",\"dateModified\":\"2026-04-05T18:27:24+00:00\",\"breadcrumb\":{\"@id\":\"https:\\\/\\\/dellmeco.ca\\\/dme-plastic-series\\\/#breadcrumb\"},\"inLanguage\":\"fr-FR\",\"potentialAction\":[{\"@type\":\"ReadAction\",\"target\":[\"https:\\\/\\\/dellmeco.ca\\\/dme-plastic-series\\\/\"]}]},{\"@type\":\"ImageObject\",\"inLanguage\":\"fr-FR\",\"@id\":\"https:\\\/\\\/dellmeco.ca\\\/dme-plastic-series\\\/#primaryimage\",\"url\":\"https:\\\/\\\/dellmeco.ca\\\/wp-content\\\/uploads\\\/2025\\\/10\\\/KUNSTSTOF-Series-DME-Pomp-1e-afbeelding.jpg\",\"contentUrl\":\"https:\\\/\\\/dellmeco.ca\\\/wp-content\\\/uploads\\\/2025\\\/10\\\/KUNSTSTOF-Series-DME-Pomp-1e-afbeelding.jpg\"},{\"@type\":\"BreadcrumbList\",\"@id\":\"https:\\\/\\\/dellmeco.ca\\\/dme-plastic-series\\\/#breadcrumb\",\"itemListElement\":[{\"@type\":\"ListItem\",\"position\":1,\"name\":\"Home\",\"item\":\"https:\\\/\\\/dellmeco.ca\\\/\"},{\"@type\":\"ListItem\",\"position\":2,\"name\":\"DME PLASTIC SERIES\"}]},{\"@type\":\"WebSite\",\"@id\":\"https:\\\/\\\/dellmeco.ca\\\/en\\\/#website\",\"url\":\"https:\\\/\\\/dellmeco.ca\\\/en\\\/\",\"name\":\"Dellmeco | Manufacturer of pumps\",\"description\":\"\",\"potentialAction\":[{\"@type\":\"SearchAction\",\"target\":{\"@type\":\"EntryPoint\",\"urlTemplate\":\"https:\\\/\\\/dellmeco.ca\\\/en\\\/?s={search_term_string}\"},\"query-input\":{\"@type\":\"PropertyValueSpecification\",\"valueRequired\":true,\"valueName\":\"search_term_string\"}}],\"inLanguage\":\"fr-FR\"}]}<\/script>\n<!-- \/ Yoast SEO Premium plugin. -->","yoast_head_json":{"title":"DME PLASTIC SERIES - Dellmeco | Manufacturer of pumps","robots":{"index":"index","follow":"follow","max-snippet":"max-snippet:-1","max-image-preview":"max-image-preview:large","max-video-preview":"max-video-preview:-1"},"canonical":"https:\/\/dellmeco.ca\/fr\/dme-plastic-series\/","og_locale":"fr_FR","og_type":"article","og_title":"DME PLASTIC SERIES","og_description":"DME PUMPS DME Plastic Series Electromechanical series for a variety of applications BASIC INFORMATIONThis pump technology is specially designed for universal applications requiring low pressure \u2013 up to a maximum of 6 bar.The DELLMECO DME is an electromechanically driven double diaphragm pump with a highly energy-efficient design.Thanks to its compact and special design, no hydraulic [&hellip;]","og_url":"https:\/\/dellmeco.ca\/fr\/dme-plastic-series\/","og_site_name":"Dellmeco | Manufacturer of pumps","article_modified_time":"2026-04-05T18:27:24+00:00","og_image":[{"url":"https:\/\/dellmeco.ca\/wp-content\/uploads\/2025\/10\/KUNSTSTOF-Series-DME-Pomp-1e-afbeelding.jpg","type":"","width":"","height":""}],"twitter_card":"summary_large_image","twitter_misc":{"Dur\u00e9e de lecture estim\u00e9e":"1 minute"},"schema":{"@context":"https:\/\/schema.org","@graph":[{"@type":"WebPage","@id":"https:\/\/dellmeco.ca\/dme-plastic-series\/","url":"https:\/\/dellmeco.ca\/dme-plastic-series\/","name":"DME PLASTIC SERIES - Dellmeco | Manufacturer of pumps","isPartOf":{"@id":"https:\/\/dellmeco.ca\/en\/#website"},"primaryImageOfPage":{"@id":"https:\/\/dellmeco.ca\/dme-plastic-series\/#primaryimage"},"image":{"@id":"https:\/\/dellmeco.ca\/dme-plastic-series\/#primaryimage"},"thumbnailUrl":"https:\/\/dellmeco.ca\/wp-content\/uploads\/2025\/10\/KUNSTSTOF-Series-DME-Pomp-1e-afbeelding.jpg","datePublished":"2025-10-01T03:15:40+00:00","dateModified":"2026-04-05T18:27:24+00:00","breadcrumb":{"@id":"https:\/\/dellmeco.ca\/dme-plastic-series\/#breadcrumb"},"inLanguage":"fr-FR","potentialAction":[{"@type":"ReadAction","target":["https:\/\/dellmeco.ca\/dme-plastic-series\/"]}]},{"@type":"ImageObject","inLanguage":"fr-FR","@id":"https:\/\/dellmeco.ca\/dme-plastic-series\/#primaryimage","url":"https:\/\/dellmeco.ca\/wp-content\/uploads\/2025\/10\/KUNSTSTOF-Series-DME-Pomp-1e-afbeelding.jpg","contentUrl":"https:\/\/dellmeco.ca\/wp-content\/uploads\/2025\/10\/KUNSTSTOF-Series-DME-Pomp-1e-afbeelding.jpg"},{"@type":"BreadcrumbList","@id":"https:\/\/dellmeco.ca\/dme-plastic-series\/#breadcrumb","itemListElement":[{"@type":"ListItem","position":1,"name":"Home","item":"https:\/\/dellmeco.ca\/"},{"@type":"ListItem","position":2,"name":"DME PLASTIC SERIES"}]},{"@type":"WebSite","@id":"https:\/\/dellmeco.ca\/en\/#website","url":"https:\/\/dellmeco.ca\/en\/","name":"Dellmeco | Manufacturer of pumps","description":"","potentialAction":[{"@type":"SearchAction","target":{"@type":"EntryPoint","urlTemplate":"https:\/\/dellmeco.ca\/en\/?s={search_term_string}"},"query-input":{"@type":"PropertyValueSpecification","valueRequired":true,"valueName":"search_term_string"}}],"inLanguage":"fr-FR"}]}},"_links":{"self":[{"href":"https:\/\/dellmeco.ca\/fr\/wp-json\/wp\/v2\/pages\/487","targetHints":{"allow":["GET"]}}],"collection":[{"href":"https:\/\/dellmeco.ca\/fr\/wp-json\/wp\/v2\/pages"}],"about":[{"href":"https:\/\/dellmeco.ca\/fr\/wp-json\/wp\/v2\/types\/page"}],"author":[{"embeddable":true,"href":"https:\/\/dellmeco.ca\/fr\/wp-json\/wp\/v2\/users\/1"}],"replies":[{"embeddable":true,"href":"https:\/\/dellmeco.ca\/fr\/wp-json\/wp\/v2\/comments?post=487"}],"version-history":[{"count":2,"href":"https:\/\/dellmeco.ca\/fr\/wp-json\/wp\/v2\/pages\/487\/revisions"}],"predecessor-version":[{"id":2183,"href":"https:\/\/dellmeco.ca\/fr\/wp-json\/wp\/v2\/pages\/487\/revisions\/2183"}],"wp:attachment":[{"href":"https:\/\/dellmeco.ca\/fr\/wp-json\/wp\/v2\/media?parent=487"}],"curies":[{"name":"wp","href":"https:\/\/api.w.org\/{rel}","templated":true}]}}