{"id":415,"date":"2025-10-01T02:08:05","date_gmt":"2025-10-01T02:08:05","guid":{"rendered":"https:\/\/dellmeco.ca\/?page_id=415"},"modified":"2026-04-05T18:30:19","modified_gmt":"2026-04-05T18:30:19","slug":"sxtt-x-series","status":"publish","type":"page","link":"https:\/\/dellmeco.ca\/fr\/sxtt-x-series\/","title":{"rendered":"S\u00c9RIE SXTT-X"},"content":{"rendered":"<div data-elementor-type=\"wp-page\" data-elementor-id=\"415\" class=\"elementor elementor-415\" data-elementor-post-type=\"page\">\n\t\t\t\t<div class=\"elementor-element elementor-element-ae7328a e-flex e-con-boxed e-con e-parent\" data-id=\"ae7328a\" data-element_type=\"container\" data-e-type=\"container\" data-settings=\"{&quot;background_background&quot;:&quot;classic&quot;}\">\n\t\t\t\t\t<div class=\"e-con-inner\">\n\t\t\t\t<div class=\"elementor-element elementor-element-1c65551 elementor-widget elementor-widget-heading\" data-id=\"1c65551\" data-element_type=\"widget\" data-e-type=\"widget\" data-widget_type=\"heading.default\">\n\t\t\t\t\t<h2 class=\"elementor-heading-title elementor-size-default\">POMPES AODD\n<\/h2>\t\t\t\t<\/div>\n\t\t\t\t\t<\/div>\n\t\t\t\t<\/div>\n\t\t<div class=\"elementor-element elementor-element-00a68cb e-flex e-con-boxed e-con e-parent\" data-id=\"00a68cb\" data-element_type=\"container\" data-e-type=\"container\">\n\t\t\t\t\t<div class=\"e-con-inner\">\n\t\t<div class=\"elementor-element elementor-element-46b0aca e-con-full e-flex e-con e-child\" data-id=\"46b0aca\" data-element_type=\"container\" data-e-type=\"container\">\n\t\t\t\t<div class=\"elementor-element elementor-element-20a85b7 elementor-widget elementor-widget-image\" data-id=\"20a85b7\" data-element_type=\"widget\" data-e-type=\"widget\" data-widget_type=\"image.default\">\n\t\t\t\t\t\t\t\t\t\t\t\t\t\t\t<img fetchpriority=\"high\" decoding=\"async\" width=\"1000\" height=\"1144\" src=\"https:\/\/dellmeco.ca\/wp-content\/uploads\/2025\/10\/SXTT-X-serie-AODD-Pomp-1e-afbeelding.jpg\" class=\"attachment-full size-full wp-image-417\" alt=\"\" srcset=\"https:\/\/dellmeco.ca\/wp-content\/uploads\/2025\/10\/SXTT-X-serie-AODD-Pomp-1e-afbeelding.jpg 1000w, https:\/\/dellmeco.ca\/wp-content\/uploads\/2025\/10\/SXTT-X-serie-AODD-Pomp-1e-afbeelding-262x300.jpg 262w, https:\/\/dellmeco.ca\/wp-content\/uploads\/2025\/10\/SXTT-X-serie-AODD-Pomp-1e-afbeelding-895x1024.jpg 895w, https:\/\/dellmeco.ca\/wp-content\/uploads\/2025\/10\/SXTT-X-serie-AODD-Pomp-1e-afbeelding-768x879.jpg 768w\" sizes=\"(max-width: 1000px) 100vw, 1000px\" \/>\t\t\t\t\t\t\t\t\t\t\t\t\t\t\t<\/div>\n\t\t\t\t<\/div>\n\t\t<div class=\"elementor-element elementor-element-5588981 e-con-full e-flex e-con e-child\" data-id=\"5588981\" data-element_type=\"container\" data-e-type=\"container\" data-settings=\"{&quot;background_background&quot;:&quot;classic&quot;}\">\n\t\t\t\t<div class=\"elementor-element elementor-element-184c893 elementor-widget elementor-widget-heading\" data-id=\"184c893\" data-element_type=\"widget\" data-e-type=\"widget\" data-widget_type=\"heading.default\">\n\t\t\t\t\t<h2 class=\"elementor-heading-title elementor-size-default\">Pompes S\u00e9rie SXTT-X<\/h2>\t\t\t\t<\/div>\n\t\t\t\t<div class=\"elementor-element elementor-element-a0c6ab6 elementor-widget-divider--view-line elementor-widget elementor-widget-divider\" data-id=\"a0c6ab6\" data-element_type=\"widget\" data-e-type=\"widget\" data-widget_type=\"divider.default\">\n\t\t\t\t\t\t\t<div class=\"elementor-divider\">\n\t\t\t<span class=\"elementor-divider-separator\">\n\t\t\t\t\t\t<\/span>\n\t\t<\/div>\n\t\t\t\t\t\t<\/div>\n\t\t\t\t<div class=\"elementor-element elementor-element-fe8bad4 elementor-widget elementor-widget-heading\" data-id=\"fe8bad4\" data-element_type=\"widget\" data-e-type=\"widget\" data-widget_type=\"heading.default\">\n\t\t\t\t\t<h2 class=\"elementor-heading-title elementor-size-default\">Si\u00e8ges de soupape interchangeables\n<\/h2>\t\t\t\t<\/div>\n\t\t\t\t<div class=\"elementor-element elementor-element-c36d1b2 elementor-widget elementor-widget-text-editor\" data-id=\"c36d1b2\" data-element_type=\"widget\" data-e-type=\"widget\" data-widget_type=\"text-editor.default\">\n\t\t\t\t\t\t\t\t\t<p><b>CARACT\u00c9RISTIQUES PRINCIPALES<br \/><\/b>1. Test d \u00ab \u00e9tanch\u00e9it\u00e9 \u00e0 8,2 bars<br \/>2. Hauteur d\u2019aspiration \u00e0 sec : 3,2 mWC \/ 4,8 mWC<br \/>3. 100% d \u00bb \u00e9tanch\u00e9it\u00e9 des si\u00e8ges du robinet \u00e0 boisseau sph\u00e9rique<\/p>\t\t\t\t\t\t\t\t<\/div>\n\t\t\t\t<div class=\"elementor-element elementor-element-9b1e608 elementor-widget elementor-widget-button\" data-id=\"9b1e608\" data-element_type=\"widget\" data-e-type=\"widget\" data-widget_type=\"button.default\">\n\t\t\t\t\t\t\t\t\t\t<a class=\"elementor-button elementor-button-link elementor-size-sm\" href=\"https:\/\/dellmeco.ca\/manual\/\">\n\t\t\t\t\t\t<span class=\"elementor-button-content-wrapper\">\n\t\t\t\t\t\t<span class=\"elementor-button-icon\">\n\t\t\t\t<svg aria-hidden=\"true\" class=\"e-font-icon-svg e-far-file-alt\" viewbox=\"0 0 384 512\" xmlns=\"http:\/\/www.w3.org\/2000\/svg\"><path d=\"M288 248v28c0 6.6-5.4 12-12 12H108c-6.6 0-12-5.4-12-12v-28c0-6.6 5.4-12 12-12h168c6.6 0 12 5.4 12 12zm-12 72H108c-6.6 0-12 5.4-12 12v28c0 6.6 5.4 12 12 12h168c6.6 0 12-5.4 12-12v-28c0-6.6-5.4-12-12-12zm108-188.1V464c0 26.5-21.5 48-48 48H48c-26.5 0-48-21.5-48-48V48C0 21.5 21.5 0 48 0h204.1C264.8 0 277 5.1 286 14.1L369.9 98c9 8.9 14.1 21.2 14.1 33.9zm-128-80V128h76.1L256 51.9zM336 464V176H232c-13.3 0-24-10.7-24-24V48H48v416h288z\"><\/path><\/svg>\t\t\t<\/span>\n\t\t\t\t\t\t\t\t\t<span class=\"elementor-button-text\">VOIR LES MANUELS<\/span>\n\t\t\t\t\t<\/span>\n\t\t\t\t\t<\/a>\n\t\t\t\t\t\t\t\t<\/div>\n\t\t\t\t<\/div>\n\t\t\t\t\t<\/div>\n\t\t\t\t<\/div>\n\t\t<div class=\"elementor-element elementor-element-1c57898 e-flex e-con-boxed e-con e-parent\" data-id=\"1c57898\" data-element_type=\"container\" data-e-type=\"container\">\n\t\t\t\t\t<div class=\"e-con-inner\">\n\t\t<div class=\"elementor-element elementor-element-3dc98e0 e-con-full e-flex e-con e-child\" data-id=\"3dc98e0\" data-element_type=\"container\" data-e-type=\"container\">\n\t\t\t\t<div class=\"elementor-element elementor-element-6655622 elementor-widget elementor-widget-image\" data-id=\"6655622\" data-element_type=\"widget\" data-e-type=\"widget\" data-widget_type=\"image.default\">\n\t\t\t\t\t\t\t\t\t\t\t\t\t\t\t<img decoding=\"async\" width=\"400\" height=\"516\" src=\"https:\/\/dellmeco.ca\/wp-content\/uploads\/2025\/10\/SXTT-X-serie-AODD-Pomp-2e.jpg\" class=\"attachment-full size-full wp-image-418\" alt=\"\" srcset=\"https:\/\/dellmeco.ca\/wp-content\/uploads\/2025\/10\/SXTT-X-serie-AODD-Pomp-2e.jpg 400w, https:\/\/dellmeco.ca\/wp-content\/uploads\/2025\/10\/SXTT-X-serie-AODD-Pomp-2e-233x300.jpg 233w\" sizes=\"(max-width: 400px) 100vw, 400px\" \/>\t\t\t\t\t\t\t\t\t\t\t\t\t\t\t<\/div>\n\t\t\t\t<\/div>\n\t\t<div class=\"elementor-element elementor-element-08f4744 e-con-full e-flex e-con e-child\" data-id=\"08f4744\" data-element_type=\"container\" data-e-type=\"container\">\n\t\t\t\t<div class=\"elementor-element elementor-element-fa504e6 elementor-widget elementor-widget-image\" data-id=\"fa504e6\" data-element_type=\"widget\" data-e-type=\"widget\" data-widget_type=\"image.default\">\n\t\t\t\t\t\t\t\t\t\t\t\t\t\t\t<img decoding=\"async\" width=\"400\" height=\"516\" src=\"https:\/\/dellmeco.ca\/wp-content\/uploads\/2025\/10\/SXTT-X-serie-AODD-Pomp-3e.jpg\" class=\"attachment-full size-full wp-image-419\" alt=\"\" srcset=\"https:\/\/dellmeco.ca\/wp-content\/uploads\/2025\/10\/SXTT-X-serie-AODD-Pomp-3e.jpg 400w, https:\/\/dellmeco.ca\/wp-content\/uploads\/2025\/10\/SXTT-X-serie-AODD-Pomp-3e-233x300.jpg 233w\" sizes=\"(max-width: 400px) 100vw, 400px\" \/>\t\t\t\t\t\t\t\t\t\t\t\t\t\t\t<\/div>\n\t\t\t\t<\/div>\n\t\t<div class=\"elementor-element elementor-element-9a0187d e-con-full e-flex e-con e-child\" data-id=\"9a0187d\" data-element_type=\"container\" data-e-type=\"container\">\n\t\t\t\t<div class=\"elementor-element elementor-element-e9e52e0 elementor-widget elementor-widget-image\" data-id=\"e9e52e0\" data-element_type=\"widget\" data-e-type=\"widget\" data-widget_type=\"image.default\">\n\t\t\t\t\t\t\t\t\t\t\t\t\t\t\t<img loading=\"lazy\" decoding=\"async\" width=\"400\" height=\"516\" src=\"https:\/\/dellmeco.ca\/wp-content\/uploads\/2025\/10\/SXTT-X-serie-AODD-Pomp-4e.jpg\" class=\"attachment-full size-full wp-image-420\" alt=\"\" srcset=\"https:\/\/dellmeco.ca\/wp-content\/uploads\/2025\/10\/SXTT-X-serie-AODD-Pomp-4e.jpg 400w, https:\/\/dellmeco.ca\/wp-content\/uploads\/2025\/10\/SXTT-X-serie-AODD-Pomp-4e-233x300.jpg 233w\" sizes=\"(max-width: 400px) 100vw, 400px\" \/>\t\t\t\t\t\t\t\t\t\t\t\t\t\t\t<\/div>\n\t\t\t\t<\/div>\n\t\t<div class=\"elementor-element elementor-element-7c2c869 e-con-full e-flex e-con e-child\" data-id=\"7c2c869\" data-element_type=\"container\" data-e-type=\"container\">\n\t\t\t\t<div class=\"elementor-element elementor-element-20256d9 elementor-widget elementor-widget-image\" data-id=\"20256d9\" data-element_type=\"widget\" data-e-type=\"widget\" data-widget_type=\"image.default\">\n\t\t\t\t\t\t\t\t\t\t\t\t\t\t\t<img loading=\"lazy\" decoding=\"async\" width=\"400\" height=\"516\" src=\"https:\/\/dellmeco.ca\/wp-content\/uploads\/2025\/10\/SXTT-X-serie-AODD-Pomp-5e.jpg\" class=\"attachment-full size-full wp-image-421\" alt=\"\" srcset=\"https:\/\/dellmeco.ca\/wp-content\/uploads\/2025\/10\/SXTT-X-serie-AODD-Pomp-5e.jpg 400w, https:\/\/dellmeco.ca\/wp-content\/uploads\/2025\/10\/SXTT-X-serie-AODD-Pomp-5e-233x300.jpg 233w\" sizes=\"(max-width: 400px) 100vw, 400px\" \/>\t\t\t\t\t\t\t\t\t\t\t\t\t\t\t<\/div>\n\t\t\t\t<\/div>\n\t\t\t\t\t<\/div>\n\t\t\t\t<\/div>\n\t\t\t\t<\/div>","protected":false},"excerpt":{"rendered":"<p>AODD PUMPS SXTT-X Series Pumps Interchangeable valve seats MAIN FEATURES1. Leak tightness test at 8.2 bar2. Dry suction height: 3.2 mWC \/ 4.8 mWC3. 100% sealing of ball valve seats VIEW MANUALS<\/p>","protected":false},"author":1,"featured_media":0,"parent":0,"menu_order":0,"comment_status":"closed","ping_status":"closed","template":"elementor_header_footer","meta":{"footnotes":""},"class_list":["post-415","page","type-page","status-publish","hentry"],"yoast_head":"<!-- This site is optimized with the Yoast SEO Premium plugin v27.3 (Yoast SEO v27.3) - https:\/\/yoast.com\/product\/yoast-seo-premium-wordpress\/ -->\n<title>SXTT-X SERIES - Dellmeco | Manufacturer of pumps<\/title>\n<meta name=\"robots\" content=\"index, follow, max-snippet:-1, max-image-preview:large, max-video-preview:-1\" \/>\n<link rel=\"canonical\" href=\"https:\/\/dellmeco.ca\/fr\/sxtt-x-series\/\" \/>\n<meta property=\"og:locale\" content=\"fr_FR\" \/>\n<meta property=\"og:type\" content=\"article\" \/>\n<meta property=\"og:title\" content=\"SXTT-X SERIES\" \/>\n<meta property=\"og:description\" content=\"AODD PUMPS SXTT-X Series Pumps Interchangeable valve seats MAIN FEATURES1. Leak tightness test at 8.2 bar2. Dry suction height: 3.2 mWC \/ 4.8 mWC3. 100% sealing of ball valve seats VIEW MANUALS\" \/>\n<meta property=\"og:url\" content=\"https:\/\/dellmeco.ca\/fr\/sxtt-x-series\/\" \/>\n<meta property=\"og:site_name\" content=\"Dellmeco | Manufacturer of pumps\" \/>\n<meta property=\"article:modified_time\" content=\"2026-04-05T18:30:19+00:00\" \/>\n<meta property=\"og:image\" content=\"https:\/\/dellmeco.ca\/wp-content\/uploads\/2025\/10\/SXTT-X-serie-AODD-Pomp-1e-afbeelding.jpg\" \/>\n<meta name=\"twitter:card\" content=\"summary_large_image\" \/>\n<script type=\"application\/ld+json\" class=\"yoast-schema-graph\">{\"@context\":\"https:\\\/\\\/schema.org\",\"@graph\":[{\"@type\":\"WebPage\",\"@id\":\"https:\\\/\\\/dellmeco.ca\\\/sxtt-x-series\\\/\",\"url\":\"https:\\\/\\\/dellmeco.ca\\\/sxtt-x-series\\\/\",\"name\":\"SXTT-X SERIES - Dellmeco | Manufacturer of pumps\",\"isPartOf\":{\"@id\":\"https:\\\/\\\/dellmeco.ca\\\/en\\\/#website\"},\"primaryImageOfPage\":{\"@id\":\"https:\\\/\\\/dellmeco.ca\\\/sxtt-x-series\\\/#primaryimage\"},\"image\":{\"@id\":\"https:\\\/\\\/dellmeco.ca\\\/sxtt-x-series\\\/#primaryimage\"},\"thumbnailUrl\":\"https:\\\/\\\/dellmeco.ca\\\/wp-content\\\/uploads\\\/2025\\\/10\\\/SXTT-X-serie-AODD-Pomp-1e-afbeelding.jpg\",\"datePublished\":\"2025-10-01T02:08:05+00:00\",\"dateModified\":\"2026-04-05T18:30:19+00:00\",\"breadcrumb\":{\"@id\":\"https:\\\/\\\/dellmeco.ca\\\/sxtt-x-series\\\/#breadcrumb\"},\"inLanguage\":\"fr-FR\",\"potentialAction\":[{\"@type\":\"ReadAction\",\"target\":[\"https:\\\/\\\/dellmeco.ca\\\/sxtt-x-series\\\/\"]}]},{\"@type\":\"ImageObject\",\"inLanguage\":\"fr-FR\",\"@id\":\"https:\\\/\\\/dellmeco.ca\\\/sxtt-x-series\\\/#primaryimage\",\"url\":\"https:\\\/\\\/dellmeco.ca\\\/wp-content\\\/uploads\\\/2025\\\/10\\\/SXTT-X-serie-AODD-Pomp-1e-afbeelding.jpg\",\"contentUrl\":\"https:\\\/\\\/dellmeco.ca\\\/wp-content\\\/uploads\\\/2025\\\/10\\\/SXTT-X-serie-AODD-Pomp-1e-afbeelding.jpg\"},{\"@type\":\"BreadcrumbList\",\"@id\":\"https:\\\/\\\/dellmeco.ca\\\/sxtt-x-series\\\/#breadcrumb\",\"itemListElement\":[{\"@type\":\"ListItem\",\"position\":1,\"name\":\"Home\",\"item\":\"https:\\\/\\\/dellmeco.ca\\\/\"},{\"@type\":\"ListItem\",\"position\":2,\"name\":\"SXTT-X SERIES\"}]},{\"@type\":\"WebSite\",\"@id\":\"https:\\\/\\\/dellmeco.ca\\\/en\\\/#website\",\"url\":\"https:\\\/\\\/dellmeco.ca\\\/en\\\/\",\"name\":\"Dellmeco | Manufacturer of pumps\",\"description\":\"\",\"potentialAction\":[{\"@type\":\"SearchAction\",\"target\":{\"@type\":\"EntryPoint\",\"urlTemplate\":\"https:\\\/\\\/dellmeco.ca\\\/en\\\/?s={search_term_string}\"},\"query-input\":{\"@type\":\"PropertyValueSpecification\",\"valueRequired\":true,\"valueName\":\"search_term_string\"}}],\"inLanguage\":\"fr-FR\"}]}<\/script>\n<!-- \/ Yoast SEO Premium plugin. -->","yoast_head_json":{"title":"SXTT-X SERIES - Dellmeco | Manufacturer of pumps","robots":{"index":"index","follow":"follow","max-snippet":"max-snippet:-1","max-image-preview":"max-image-preview:large","max-video-preview":"max-video-preview:-1"},"canonical":"https:\/\/dellmeco.ca\/fr\/sxtt-x-series\/","og_locale":"fr_FR","og_type":"article","og_title":"SXTT-X SERIES","og_description":"AODD PUMPS SXTT-X Series Pumps Interchangeable valve seats MAIN FEATURES1. Leak tightness test at 8.2 bar2. Dry suction height: 3.2 mWC \/ 4.8 mWC3. 100% sealing of ball valve seats VIEW MANUALS","og_url":"https:\/\/dellmeco.ca\/fr\/sxtt-x-series\/","og_site_name":"Dellmeco | Manufacturer of pumps","article_modified_time":"2026-04-05T18:30:19+00:00","og_image":[{"url":"https:\/\/dellmeco.ca\/wp-content\/uploads\/2025\/10\/SXTT-X-serie-AODD-Pomp-1e-afbeelding.jpg","type":"","width":"","height":""}],"twitter_card":"summary_large_image","schema":{"@context":"https:\/\/schema.org","@graph":[{"@type":"WebPage","@id":"https:\/\/dellmeco.ca\/sxtt-x-series\/","url":"https:\/\/dellmeco.ca\/sxtt-x-series\/","name":"SXTT-X SERIES - Dellmeco | Manufacturer of pumps","isPartOf":{"@id":"https:\/\/dellmeco.ca\/en\/#website"},"primaryImageOfPage":{"@id":"https:\/\/dellmeco.ca\/sxtt-x-series\/#primaryimage"},"image":{"@id":"https:\/\/dellmeco.ca\/sxtt-x-series\/#primaryimage"},"thumbnailUrl":"https:\/\/dellmeco.ca\/wp-content\/uploads\/2025\/10\/SXTT-X-serie-AODD-Pomp-1e-afbeelding.jpg","datePublished":"2025-10-01T02:08:05+00:00","dateModified":"2026-04-05T18:30:19+00:00","breadcrumb":{"@id":"https:\/\/dellmeco.ca\/sxtt-x-series\/#breadcrumb"},"inLanguage":"fr-FR","potentialAction":[{"@type":"ReadAction","target":["https:\/\/dellmeco.ca\/sxtt-x-series\/"]}]},{"@type":"ImageObject","inLanguage":"fr-FR","@id":"https:\/\/dellmeco.ca\/sxtt-x-series\/#primaryimage","url":"https:\/\/dellmeco.ca\/wp-content\/uploads\/2025\/10\/SXTT-X-serie-AODD-Pomp-1e-afbeelding.jpg","contentUrl":"https:\/\/dellmeco.ca\/wp-content\/uploads\/2025\/10\/SXTT-X-serie-AODD-Pomp-1e-afbeelding.jpg"},{"@type":"BreadcrumbList","@id":"https:\/\/dellmeco.ca\/sxtt-x-series\/#breadcrumb","itemListElement":[{"@type":"ListItem","position":1,"name":"Home","item":"https:\/\/dellmeco.ca\/"},{"@type":"ListItem","position":2,"name":"SXTT-X SERIES"}]},{"@type":"WebSite","@id":"https:\/\/dellmeco.ca\/en\/#website","url":"https:\/\/dellmeco.ca\/en\/","name":"Dellmeco | Manufacturer of pumps","description":"","potentialAction":[{"@type":"SearchAction","target":{"@type":"EntryPoint","urlTemplate":"https:\/\/dellmeco.ca\/en\/?s={search_term_string}"},"query-input":{"@type":"PropertyValueSpecification","valueRequired":true,"valueName":"search_term_string"}}],"inLanguage":"fr-FR"}]}},"_links":{"self":[{"href":"https:\/\/dellmeco.ca\/fr\/wp-json\/wp\/v2\/pages\/415","targetHints":{"allow":["GET"]}}],"collection":[{"href":"https:\/\/dellmeco.ca\/fr\/wp-json\/wp\/v2\/pages"}],"about":[{"href":"https:\/\/dellmeco.ca\/fr\/wp-json\/wp\/v2\/types\/page"}],"author":[{"embeddable":true,"href":"https:\/\/dellmeco.ca\/fr\/wp-json\/wp\/v2\/users\/1"}],"replies":[{"embeddable":true,"href":"https:\/\/dellmeco.ca\/fr\/wp-json\/wp\/v2\/comments?post=415"}],"version-history":[{"count":1,"href":"https:\/\/dellmeco.ca\/fr\/wp-json\/wp\/v2\/pages\/415\/revisions"}],"predecessor-version":[{"id":2189,"href":"https:\/\/dellmeco.ca\/fr\/wp-json\/wp\/v2\/pages\/415\/revisions\/2189"}],"wp:attachment":[{"href":"https:\/\/dellmeco.ca\/fr\/wp-json\/wp\/v2\/media?parent=415"}],"curies":[{"name":"wp","href":"https:\/\/api.w.org\/{rel}","templated":true}]}}