{"id":409,"date":"2025-10-01T02:05:56","date_gmt":"2025-10-01T02:05:56","guid":{"rendered":"https:\/\/dellmeco.ca\/?page_id=409"},"modified":"2026-04-05T18:30:06","modified_gmt":"2026-04-05T18:30:06","slug":"dmu-series","status":"publish","type":"page","link":"https:\/\/dellmeco.ca\/fr\/dmu-series\/","title":{"rendered":"S\u00c9RIE DMU"},"content":{"rendered":"<div data-elementor-type=\"wp-page\" data-elementor-id=\"409\" class=\"elementor elementor-409\" data-elementor-post-type=\"page\">\n\t\t\t\t<div class=\"elementor-element elementor-element-fd79632 e-flex e-con-boxed e-con e-parent\" data-id=\"fd79632\" data-element_type=\"container\" data-e-type=\"container\" data-settings=\"{&quot;background_background&quot;:&quot;classic&quot;}\">\n\t\t\t\t\t<div class=\"e-con-inner\">\n\t\t\t\t<div class=\"elementor-element elementor-element-42e7b5c elementor-widget elementor-widget-heading\" data-id=\"42e7b5c\" data-element_type=\"widget\" data-e-type=\"widget\" data-widget_type=\"heading.default\">\n\t\t\t\t\t<h2 class=\"elementor-heading-title elementor-size-default\">POMPES AODD\n<\/h2>\t\t\t\t<\/div>\n\t\t\t\t\t<\/div>\n\t\t\t\t<\/div>\n\t\t<div class=\"elementor-element elementor-element-2414392 e-flex e-con-boxed e-con e-parent\" data-id=\"2414392\" data-element_type=\"container\" data-e-type=\"container\">\n\t\t\t\t\t<div class=\"e-con-inner\">\n\t\t<div class=\"elementor-element elementor-element-cea0183 e-con-full e-flex e-con e-child\" data-id=\"cea0183\" data-element_type=\"container\" data-e-type=\"container\">\n\t\t\t\t<div class=\"elementor-element elementor-element-2f6e958 elementor-widget elementor-widget-image\" data-id=\"2f6e958\" data-element_type=\"widget\" data-e-type=\"widget\" data-widget_type=\"image.default\">\n\t\t\t\t\t\t\t\t\t\t\t\t\t\t\t<img fetchpriority=\"high\" decoding=\"async\" width=\"1000\" height=\"1144\" src=\"https:\/\/dellmeco.ca\/wp-content\/uploads\/2025\/10\/DMU-serie-AODD-Pomp.jpg\" class=\"attachment-full size-full wp-image-411\" alt=\"\" srcset=\"https:\/\/dellmeco.ca\/wp-content\/uploads\/2025\/10\/DMU-serie-AODD-Pomp.jpg 1000w, https:\/\/dellmeco.ca\/wp-content\/uploads\/2025\/10\/DMU-serie-AODD-Pomp-262x300.jpg 262w, https:\/\/dellmeco.ca\/wp-content\/uploads\/2025\/10\/DMU-serie-AODD-Pomp-895x1024.jpg 895w, https:\/\/dellmeco.ca\/wp-content\/uploads\/2025\/10\/DMU-serie-AODD-Pomp-768x879.jpg 768w\" sizes=\"(max-width: 1000px) 100vw, 1000px\" \/>\t\t\t\t\t\t\t\t\t\t\t\t\t\t\t<\/div>\n\t\t\t\t<\/div>\n\t\t<div class=\"elementor-element elementor-element-60594b0 e-con-full e-flex e-con e-child\" data-id=\"60594b0\" data-element_type=\"container\" data-e-type=\"container\" data-settings=\"{&quot;background_background&quot;:&quot;classic&quot;}\">\n\t\t\t\t<div class=\"elementor-element elementor-element-c77fa51 elementor-widget elementor-widget-heading\" data-id=\"c77fa51\" data-element_type=\"widget\" data-e-type=\"widget\" data-widget_type=\"heading.default\">\n\t\t\t\t\t<h2 class=\"elementor-heading-title elementor-size-default\">S\u00e9rie DMU<\/h2>\t\t\t\t<\/div>\n\t\t\t\t<div class=\"elementor-element elementor-element-2a05cf1 elementor-widget-divider--view-line elementor-widget elementor-widget-divider\" data-id=\"2a05cf1\" data-element_type=\"widget\" data-e-type=\"widget\" data-widget_type=\"divider.default\">\n\t\t\t\t\t\t\t<div class=\"elementor-divider\">\n\t\t\t<span class=\"elementor-divider-separator\">\n\t\t\t\t\t\t<\/span>\n\t\t<\/div>\n\t\t\t\t\t\t<\/div>\n\t\t\t\t<div class=\"elementor-element elementor-element-b110a4b elementor-widget elementor-widget-heading\" data-id=\"b110a4b\" data-element_type=\"widget\" data-e-type=\"widget\" data-widget_type=\"heading.default\">\n\t\t\t\t\t<h2 class=\"elementor-heading-title elementor-size-default\">C\u00f4t\u00e9s, corps central et raccords int\u00e9gr\u00e9s\n<\/h2>\t\t\t\t<\/div>\n\t\t\t\t<div class=\"elementor-element elementor-element-0d57f92 elementor-widget elementor-widget-text-editor\" data-id=\"0d57f92\" data-element_type=\"widget\" data-e-type=\"widget\" data-widget_type=\"text-editor.default\">\n\t\t\t\t\t\t\t\t\t<p><b>PRINCIPALES CARACT\u00c9RISTIQUES<\/b><b><br \/><\/b>\u2013 Conception compacte avec composants principaux int\u00e9gr\u00e9s<br \/>\u2013 Entretien facile \u2013 pas de boulons de bo\u00eetier<br \/>\u2013 Moins de surfaces d\u2019\u00e9tanch\u00e9it\u00e9<br \/>\u2013 Pas de bouchon sup\u00e9rieur ou inf\u00e9rieur<br \/>\u2013 Disponible en deux tailles :\u00a0<b>DMU 08<\/b>\u00a0et\u00a0<b>DMU 10<\/b><\/p>\t\t\t\t\t\t\t\t<\/div>\n\t\t\t\t<div class=\"elementor-element elementor-element-f2f6f69 elementor-widget elementor-widget-button\" data-id=\"f2f6f69\" data-element_type=\"widget\" data-e-type=\"widget\" data-widget_type=\"button.default\">\n\t\t\t\t\t\t\t\t\t\t<a class=\"elementor-button elementor-button-link elementor-size-sm\" href=\"https:\/\/dellmeco.ca\/manual\/\">\n\t\t\t\t\t\t<span class=\"elementor-button-content-wrapper\">\n\t\t\t\t\t\t<span class=\"elementor-button-icon\">\n\t\t\t\t<svg aria-hidden=\"true\" class=\"e-font-icon-svg e-far-file-alt\" viewbox=\"0 0 384 512\" xmlns=\"http:\/\/www.w3.org\/2000\/svg\"><path d=\"M288 248v28c0 6.6-5.4 12-12 12H108c-6.6 0-12-5.4-12-12v-28c0-6.6 5.4-12 12-12h168c6.6 0 12 5.4 12 12zm-12 72H108c-6.6 0-12 5.4-12 12v28c0 6.6 5.4 12 12 12h168c6.6 0 12-5.4 12-12v-28c0-6.6-5.4-12-12-12zm108-188.1V464c0 26.5-21.5 48-48 48H48c-26.5 0-48-21.5-48-48V48C0 21.5 21.5 0 48 0h204.1C264.8 0 277 5.1 286 14.1L369.9 98c9 8.9 14.1 21.2 14.1 33.9zm-128-80V128h76.1L256 51.9zM336 464V176H232c-13.3 0-24-10.7-24-24V48H48v416h288z\"><\/path><\/svg>\t\t\t<\/span>\n\t\t\t\t\t\t\t\t\t<span class=\"elementor-button-text\">VOIR LES MANUELS<\/span>\n\t\t\t\t\t<\/span>\n\t\t\t\t\t<\/a>\n\t\t\t\t\t\t\t\t<\/div>\n\t\t\t\t<\/div>\n\t\t\t\t\t<\/div>\n\t\t\t\t<\/div>\n\t\t\t\t<\/div>","protected":false},"excerpt":{"rendered":"<p>AODD PUMPS DMU Series Sides, central body and connections integrated MAIN CHARACTERISTICS\u2013 Compact design with integrated main components\u2013 Easy maintenance \u2013 no housing bolts\u2013 Fewer sealing surfaces\u2013 No top or bottom plugs\u2013 Available in two sizes:\u00a0DMU 08\u00a0and\u00a0DMU 10 VIEW MANUALS<\/p>","protected":false},"author":1,"featured_media":0,"parent":0,"menu_order":0,"comment_status":"closed","ping_status":"closed","template":"elementor_header_footer","meta":{"footnotes":""},"class_list":["post-409","page","type-page","status-publish","hentry"],"yoast_head":"<!-- This site is optimized with the Yoast SEO Premium plugin v27.3 (Yoast SEO v27.3) - https:\/\/yoast.com\/product\/yoast-seo-premium-wordpress\/ -->\n<title>DMU SERIES - Dellmeco | Manufacturer of pumps<\/title>\n<meta name=\"robots\" content=\"index, follow, max-snippet:-1, max-image-preview:large, max-video-preview:-1\" \/>\n<link rel=\"canonical\" href=\"https:\/\/dellmeco.ca\/fr\/dmu-series\/\" \/>\n<meta property=\"og:locale\" content=\"fr_FR\" \/>\n<meta property=\"og:type\" content=\"article\" \/>\n<meta property=\"og:title\" content=\"DMU SERIES\" \/>\n<meta property=\"og:description\" content=\"AODD PUMPS DMU Series Sides, central body and connections integrated MAIN CHARACTERISTICS\u2013 Compact design with integrated main components\u2013 Easy maintenance \u2013 no housing bolts\u2013 Fewer sealing surfaces\u2013 No top or bottom plugs\u2013 Available in two sizes:\u00a0DMU 08\u00a0and\u00a0DMU 10 VIEW MANUALS\" \/>\n<meta property=\"og:url\" content=\"https:\/\/dellmeco.ca\/fr\/dmu-series\/\" \/>\n<meta property=\"og:site_name\" content=\"Dellmeco | Manufacturer of pumps\" \/>\n<meta property=\"article:modified_time\" content=\"2026-04-05T18:30:06+00:00\" \/>\n<meta property=\"og:image\" content=\"https:\/\/dellmeco.ca\/wp-content\/uploads\/2025\/10\/DMU-serie-AODD-Pomp.jpg\" \/>\n<meta name=\"twitter:card\" content=\"summary_large_image\" \/>\n<script type=\"application\/ld+json\" class=\"yoast-schema-graph\">{\"@context\":\"https:\\\/\\\/schema.org\",\"@graph\":[{\"@type\":\"WebPage\",\"@id\":\"https:\\\/\\\/dellmeco.ca\\\/dmu-series\\\/\",\"url\":\"https:\\\/\\\/dellmeco.ca\\\/dmu-series\\\/\",\"name\":\"DMU SERIES - Dellmeco | Manufacturer of pumps\",\"isPartOf\":{\"@id\":\"https:\\\/\\\/dellmeco.ca\\\/en\\\/#website\"},\"primaryImageOfPage\":{\"@id\":\"https:\\\/\\\/dellmeco.ca\\\/dmu-series\\\/#primaryimage\"},\"image\":{\"@id\":\"https:\\\/\\\/dellmeco.ca\\\/dmu-series\\\/#primaryimage\"},\"thumbnailUrl\":\"https:\\\/\\\/dellmeco.ca\\\/wp-content\\\/uploads\\\/2025\\\/10\\\/DMU-serie-AODD-Pomp.jpg\",\"datePublished\":\"2025-10-01T02:05:56+00:00\",\"dateModified\":\"2026-04-05T18:30:06+00:00\",\"breadcrumb\":{\"@id\":\"https:\\\/\\\/dellmeco.ca\\\/dmu-series\\\/#breadcrumb\"},\"inLanguage\":\"fr-FR\",\"potentialAction\":[{\"@type\":\"ReadAction\",\"target\":[\"https:\\\/\\\/dellmeco.ca\\\/dmu-series\\\/\"]}]},{\"@type\":\"ImageObject\",\"inLanguage\":\"fr-FR\",\"@id\":\"https:\\\/\\\/dellmeco.ca\\\/dmu-series\\\/#primaryimage\",\"url\":\"https:\\\/\\\/dellmeco.ca\\\/wp-content\\\/uploads\\\/2025\\\/10\\\/DMU-serie-AODD-Pomp.jpg\",\"contentUrl\":\"https:\\\/\\\/dellmeco.ca\\\/wp-content\\\/uploads\\\/2025\\\/10\\\/DMU-serie-AODD-Pomp.jpg\"},{\"@type\":\"BreadcrumbList\",\"@id\":\"https:\\\/\\\/dellmeco.ca\\\/dmu-series\\\/#breadcrumb\",\"itemListElement\":[{\"@type\":\"ListItem\",\"position\":1,\"name\":\"Home\",\"item\":\"https:\\\/\\\/dellmeco.ca\\\/\"},{\"@type\":\"ListItem\",\"position\":2,\"name\":\"DMU SERIES\"}]},{\"@type\":\"WebSite\",\"@id\":\"https:\\\/\\\/dellmeco.ca\\\/en\\\/#website\",\"url\":\"https:\\\/\\\/dellmeco.ca\\\/en\\\/\",\"name\":\"Dellmeco | Manufacturer of pumps\",\"description\":\"\",\"potentialAction\":[{\"@type\":\"SearchAction\",\"target\":{\"@type\":\"EntryPoint\",\"urlTemplate\":\"https:\\\/\\\/dellmeco.ca\\\/en\\\/?s={search_term_string}\"},\"query-input\":{\"@type\":\"PropertyValueSpecification\",\"valueRequired\":true,\"valueName\":\"search_term_string\"}}],\"inLanguage\":\"fr-FR\"}]}<\/script>\n<!-- \/ Yoast SEO Premium plugin. -->","yoast_head_json":{"title":"DMU SERIES - Dellmeco | Manufacturer of pumps","robots":{"index":"index","follow":"follow","max-snippet":"max-snippet:-1","max-image-preview":"max-image-preview:large","max-video-preview":"max-video-preview:-1"},"canonical":"https:\/\/dellmeco.ca\/fr\/dmu-series\/","og_locale":"fr_FR","og_type":"article","og_title":"DMU SERIES","og_description":"AODD PUMPS DMU Series Sides, central body and connections integrated MAIN CHARACTERISTICS\u2013 Compact design with integrated main components\u2013 Easy maintenance \u2013 no housing bolts\u2013 Fewer sealing surfaces\u2013 No top or bottom plugs\u2013 Available in two sizes:\u00a0DMU 08\u00a0and\u00a0DMU 10 VIEW MANUALS","og_url":"https:\/\/dellmeco.ca\/fr\/dmu-series\/","og_site_name":"Dellmeco | Manufacturer of pumps","article_modified_time":"2026-04-05T18:30:06+00:00","og_image":[{"url":"https:\/\/dellmeco.ca\/wp-content\/uploads\/2025\/10\/DMU-serie-AODD-Pomp.jpg","type":"","width":"","height":""}],"twitter_card":"summary_large_image","schema":{"@context":"https:\/\/schema.org","@graph":[{"@type":"WebPage","@id":"https:\/\/dellmeco.ca\/dmu-series\/","url":"https:\/\/dellmeco.ca\/dmu-series\/","name":"DMU SERIES - Dellmeco | Manufacturer of pumps","isPartOf":{"@id":"https:\/\/dellmeco.ca\/en\/#website"},"primaryImageOfPage":{"@id":"https:\/\/dellmeco.ca\/dmu-series\/#primaryimage"},"image":{"@id":"https:\/\/dellmeco.ca\/dmu-series\/#primaryimage"},"thumbnailUrl":"https:\/\/dellmeco.ca\/wp-content\/uploads\/2025\/10\/DMU-serie-AODD-Pomp.jpg","datePublished":"2025-10-01T02:05:56+00:00","dateModified":"2026-04-05T18:30:06+00:00","breadcrumb":{"@id":"https:\/\/dellmeco.ca\/dmu-series\/#breadcrumb"},"inLanguage":"fr-FR","potentialAction":[{"@type":"ReadAction","target":["https:\/\/dellmeco.ca\/dmu-series\/"]}]},{"@type":"ImageObject","inLanguage":"fr-FR","@id":"https:\/\/dellmeco.ca\/dmu-series\/#primaryimage","url":"https:\/\/dellmeco.ca\/wp-content\/uploads\/2025\/10\/DMU-serie-AODD-Pomp.jpg","contentUrl":"https:\/\/dellmeco.ca\/wp-content\/uploads\/2025\/10\/DMU-serie-AODD-Pomp.jpg"},{"@type":"BreadcrumbList","@id":"https:\/\/dellmeco.ca\/dmu-series\/#breadcrumb","itemListElement":[{"@type":"ListItem","position":1,"name":"Home","item":"https:\/\/dellmeco.ca\/"},{"@type":"ListItem","position":2,"name":"DMU SERIES"}]},{"@type":"WebSite","@id":"https:\/\/dellmeco.ca\/en\/#website","url":"https:\/\/dellmeco.ca\/en\/","name":"Dellmeco | Manufacturer of pumps","description":"","potentialAction":[{"@type":"SearchAction","target":{"@type":"EntryPoint","urlTemplate":"https:\/\/dellmeco.ca\/en\/?s={search_term_string}"},"query-input":{"@type":"PropertyValueSpecification","valueRequired":true,"valueName":"search_term_string"}}],"inLanguage":"fr-FR"}]}},"_links":{"self":[{"href":"https:\/\/dellmeco.ca\/fr\/wp-json\/wp\/v2\/pages\/409","targetHints":{"allow":["GET"]}}],"collection":[{"href":"https:\/\/dellmeco.ca\/fr\/wp-json\/wp\/v2\/pages"}],"about":[{"href":"https:\/\/dellmeco.ca\/fr\/wp-json\/wp\/v2\/types\/page"}],"author":[{"embeddable":true,"href":"https:\/\/dellmeco.ca\/fr\/wp-json\/wp\/v2\/users\/1"}],"replies":[{"embeddable":true,"href":"https:\/\/dellmeco.ca\/fr\/wp-json\/wp\/v2\/comments?post=409"}],"version-history":[{"count":1,"href":"https:\/\/dellmeco.ca\/fr\/wp-json\/wp\/v2\/pages\/409\/revisions"}],"predecessor-version":[{"id":2188,"href":"https:\/\/dellmeco.ca\/fr\/wp-json\/wp\/v2\/pages\/409\/revisions\/2188"}],"wp:attachment":[{"href":"https:\/\/dellmeco.ca\/fr\/wp-json\/wp\/v2\/media?parent=409"}],"curies":[{"name":"wp","href":"https:\/\/api.w.org\/{rel}","templated":true}]}}