{"id":380,"date":"2025-10-01T01:57:09","date_gmt":"2025-10-01T01:57:09","guid":{"rendered":"https:\/\/dellmeco.ca\/?page_id=380"},"modified":"2026-04-05T18:21:21","modified_gmt":"2026-04-05T18:21:21","slug":"3a-aseptic-series","status":"publish","type":"page","link":"https:\/\/dellmeco.ca\/fr\/3a-aseptic-series\/","title":{"rendered":"S\u00c9RIE ASEPTIQUE 3A"},"content":{"rendered":"<div data-elementor-type=\"wp-page\" data-elementor-id=\"380\" class=\"elementor elementor-380\" data-elementor-post-type=\"page\">\n\t\t\t\t<div class=\"elementor-element elementor-element-ae7328a e-flex e-con-boxed e-con e-parent\" data-id=\"ae7328a\" data-element_type=\"container\" data-e-type=\"container\" data-settings=\"{&quot;background_background&quot;:&quot;classic&quot;}\">\n\t\t\t\t\t<div class=\"e-con-inner\">\n\t\t\t\t<div class=\"elementor-element elementor-element-1c65551 elementor-widget elementor-widget-heading\" data-id=\"1c65551\" data-element_type=\"widget\" data-e-type=\"widget\" data-widget_type=\"heading.default\">\n\t\t\t\t\t<h2 class=\"elementor-heading-title elementor-size-default\">POMPES AODD\n<\/h2>\t\t\t\t<\/div>\n\t\t\t\t\t<\/div>\n\t\t\t\t<\/div>\n\t\t<div class=\"elementor-element elementor-element-00a68cb e-flex e-con-boxed e-con e-parent\" data-id=\"00a68cb\" data-element_type=\"container\" data-e-type=\"container\">\n\t\t\t\t\t<div class=\"e-con-inner\">\n\t\t<div class=\"elementor-element elementor-element-46b0aca e-con-full e-flex e-con e-child\" data-id=\"46b0aca\" data-element_type=\"container\" data-e-type=\"container\">\n\t\t\t\t<div class=\"elementor-element elementor-element-20a85b7 elementor-widget elementor-widget-image\" data-id=\"20a85b7\" data-element_type=\"widget\" data-e-type=\"widget\" data-widget_type=\"image.default\">\n\t\t\t\t\t\t\t\t\t\t\t\t\t\t\t<img fetchpriority=\"high\" decoding=\"async\" width=\"1000\" height=\"1144\" src=\"https:\/\/dellmeco.ca\/wp-content\/uploads\/2025\/10\/3A-Aseptische-Serie-AODD-Pomp.jpg\" class=\"attachment-full size-full wp-image-382\" alt=\"\" srcset=\"https:\/\/dellmeco.ca\/wp-content\/uploads\/2025\/10\/3A-Aseptische-Serie-AODD-Pomp.jpg 1000w, https:\/\/dellmeco.ca\/wp-content\/uploads\/2025\/10\/3A-Aseptische-Serie-AODD-Pomp-262x300.jpg 262w, https:\/\/dellmeco.ca\/wp-content\/uploads\/2025\/10\/3A-Aseptische-Serie-AODD-Pomp-895x1024.jpg 895w, https:\/\/dellmeco.ca\/wp-content\/uploads\/2025\/10\/3A-Aseptische-Serie-AODD-Pomp-768x879.jpg 768w\" sizes=\"(max-width: 1000px) 100vw, 1000px\" \/>\t\t\t\t\t\t\t\t\t\t\t\t\t\t\t<\/div>\n\t\t\t\t<\/div>\n\t\t<div class=\"elementor-element elementor-element-5588981 e-con-full e-flex e-con e-child\" data-id=\"5588981\" data-element_type=\"container\" data-e-type=\"container\" data-settings=\"{&quot;background_background&quot;:&quot;classic&quot;}\">\n\t\t\t\t<div class=\"elementor-element elementor-element-184c893 elementor-widget elementor-widget-heading\" data-id=\"184c893\" data-element_type=\"widget\" data-e-type=\"widget\" data-widget_type=\"heading.default\">\n\t\t\t\t\t<h2 class=\"elementor-heading-title elementor-size-default\">S\u00e9rie Aseptique 3A<\/h2>\t\t\t\t<\/div>\n\t\t\t\t<div class=\"elementor-element elementor-element-a0c6ab6 elementor-widget-divider--view-line elementor-widget elementor-widget-divider\" data-id=\"a0c6ab6\" data-element_type=\"widget\" data-e-type=\"widget\" data-widget_type=\"divider.default\">\n\t\t\t\t\t\t\t<div class=\"elementor-divider\">\n\t\t\t<span class=\"elementor-divider-separator\">\n\t\t\t\t\t\t<\/span>\n\t\t<\/div>\n\t\t\t\t\t\t<\/div>\n\t\t\t\t<div class=\"elementor-element elementor-element-fe8bad4 elementor-widget elementor-widget-heading\" data-id=\"fe8bad4\" data-element_type=\"widget\" data-e-type=\"widget\" data-widget_type=\"heading.default\">\n\t\t\t\t\t<h2 class=\"elementor-heading-title elementor-size-default\">AISI 316L Sanitary standards for design and fabrication<\/h2>\t\t\t\t<\/div>\n\t\t\t\t<div class=\"elementor-element elementor-element-c36d1b2 elementor-widget elementor-widget-text-editor\" data-id=\"c36d1b2\" data-element_type=\"widget\" data-e-type=\"widget\" data-widget_type=\"text-editor.default\">\n\t\t\t\t\t\t\t\t\t<p><b>CARACT\u00c9RISTIQUES PRINCIPALES<\/b><b><br \/><\/b>\u2013 Con\u00e7u et approuv\u00e9 selon les normes 3A<br \/>\u2013 Moins de zones propices \u00e0 la croissance bact\u00e9rienne<br \/>\u2013 Facile \u00e0 nettoyer et \u00e0 d\u00e9monter<br \/>\u2013 Convient aux processus de nettoyage en place (CIP) et de st\u00e9rilisation en place (SIP)<\/p>\t\t\t\t\t\t\t\t<\/div>\n\t\t\t\t<div class=\"elementor-element elementor-element-9b1e608 elementor-widget elementor-widget-button\" data-id=\"9b1e608\" data-element_type=\"widget\" data-e-type=\"widget\" data-widget_type=\"button.default\">\n\t\t\t\t\t\t\t\t\t\t<a class=\"elementor-button elementor-button-link elementor-size-sm\" href=\"https:\/\/dellmeco.ca\/manual\/\">\n\t\t\t\t\t\t<span class=\"elementor-button-content-wrapper\">\n\t\t\t\t\t\t<span class=\"elementor-button-icon\">\n\t\t\t\t<svg aria-hidden=\"true\" class=\"e-font-icon-svg e-far-file-alt\" viewbox=\"0 0 384 512\" xmlns=\"http:\/\/www.w3.org\/2000\/svg\"><path d=\"M288 248v28c0 6.6-5.4 12-12 12H108c-6.6 0-12-5.4-12-12v-28c0-6.6 5.4-12 12-12h168c6.6 0 12 5.4 12 12zm-12 72H108c-6.6 0-12 5.4-12 12v28c0 6.6 5.4 12 12 12h168c6.6 0 12-5.4 12-12v-28c0-6.6-5.4-12-12-12zm108-188.1V464c0 26.5-21.5 48-48 48H48c-26.5 0-48-21.5-48-48V48C0 21.5 21.5 0 48 0h204.1C264.8 0 277 5.1 286 14.1L369.9 98c9 8.9 14.1 21.2 14.1 33.9zm-128-80V128h76.1L256 51.9zM336 464V176H232c-13.3 0-24-10.7-24-24V48H48v416h288z\"><\/path><\/svg>\t\t\t<\/span>\n\t\t\t\t\t\t\t\t\t<span class=\"elementor-button-text\">VOIR LES MANUELS<\/span>\n\t\t\t\t\t<\/span>\n\t\t\t\t\t<\/a>\n\t\t\t\t\t\t\t\t<\/div>\n\t\t\t\t<\/div>\n\t\t\t\t\t<\/div>\n\t\t\t\t<\/div>\n\t\t\t\t<\/div>","protected":false},"excerpt":{"rendered":"<p>AODD PUMPS 3A Aseptic Series AISI 316L Sanitary standards for design and fabrication KEY FEATURES\u2013 Designed and approved to 3A standards\u2013 Fewer areas for bacterial growth\u2013 Easy to clean and disassemble\u2013 Suitable for Cleaning-In-Place (CIP) and Sterilization-In-Place (SIP) processes VIEW MANUALS<\/p>","protected":false},"author":1,"featured_media":0,"parent":0,"menu_order":0,"comment_status":"closed","ping_status":"closed","template":"elementor_header_footer","meta":{"footnotes":""},"class_list":["post-380","page","type-page","status-publish","hentry"],"yoast_head":"<!-- This site is optimized with the Yoast SEO Premium plugin v27.3 (Yoast SEO v27.3) - https:\/\/yoast.com\/product\/yoast-seo-premium-wordpress\/ -->\n<title>3A ASEPTIC SERIES - Dellmeco | Manufacturer of pumps<\/title>\n<meta name=\"robots\" content=\"index, follow, max-snippet:-1, max-image-preview:large, max-video-preview:-1\" \/>\n<link rel=\"canonical\" href=\"https:\/\/dellmeco.ca\/fr\/3a-aseptic-series\/\" \/>\n<meta property=\"og:locale\" content=\"fr_FR\" \/>\n<meta property=\"og:type\" content=\"article\" \/>\n<meta property=\"og:title\" content=\"3A ASEPTIC SERIES\" \/>\n<meta property=\"og:description\" content=\"AODD PUMPS 3A Aseptic Series AISI 316L Sanitary standards for design and fabrication KEY FEATURES\u2013 Designed and approved to 3A standards\u2013 Fewer areas for bacterial growth\u2013 Easy to clean and disassemble\u2013 Suitable for Cleaning-In-Place (CIP) and Sterilization-In-Place (SIP) processes VIEW MANUALS\" \/>\n<meta property=\"og:url\" content=\"https:\/\/dellmeco.ca\/fr\/3a-aseptic-series\/\" \/>\n<meta property=\"og:site_name\" content=\"Dellmeco | Manufacturer of pumps\" \/>\n<meta property=\"article:modified_time\" content=\"2026-04-05T18:21:21+00:00\" \/>\n<meta property=\"og:image\" content=\"https:\/\/dellmeco.ca\/wp-content\/uploads\/2025\/10\/3A-Aseptische-Serie-AODD-Pomp.jpg\" \/>\n<meta name=\"twitter:card\" content=\"summary_large_image\" \/>\n<script type=\"application\/ld+json\" class=\"yoast-schema-graph\">{\"@context\":\"https:\\\/\\\/schema.org\",\"@graph\":[{\"@type\":\"WebPage\",\"@id\":\"https:\\\/\\\/dellmeco.ca\\\/3a-aseptic-series\\\/\",\"url\":\"https:\\\/\\\/dellmeco.ca\\\/3a-aseptic-series\\\/\",\"name\":\"3A ASEPTIC SERIES - Dellmeco | Manufacturer of pumps\",\"isPartOf\":{\"@id\":\"https:\\\/\\\/dellmeco.ca\\\/en\\\/#website\"},\"primaryImageOfPage\":{\"@id\":\"https:\\\/\\\/dellmeco.ca\\\/3a-aseptic-series\\\/#primaryimage\"},\"image\":{\"@id\":\"https:\\\/\\\/dellmeco.ca\\\/3a-aseptic-series\\\/#primaryimage\"},\"thumbnailUrl\":\"https:\\\/\\\/dellmeco.ca\\\/wp-content\\\/uploads\\\/2025\\\/10\\\/3A-Aseptische-Serie-AODD-Pomp.jpg\",\"datePublished\":\"2025-10-01T01:57:09+00:00\",\"dateModified\":\"2026-04-05T18:21:21+00:00\",\"breadcrumb\":{\"@id\":\"https:\\\/\\\/dellmeco.ca\\\/3a-aseptic-series\\\/#breadcrumb\"},\"inLanguage\":\"fr-FR\",\"potentialAction\":[{\"@type\":\"ReadAction\",\"target\":[\"https:\\\/\\\/dellmeco.ca\\\/3a-aseptic-series\\\/\"]}]},{\"@type\":\"ImageObject\",\"inLanguage\":\"fr-FR\",\"@id\":\"https:\\\/\\\/dellmeco.ca\\\/3a-aseptic-series\\\/#primaryimage\",\"url\":\"https:\\\/\\\/dellmeco.ca\\\/wp-content\\\/uploads\\\/2025\\\/10\\\/3A-Aseptische-Serie-AODD-Pomp.jpg\",\"contentUrl\":\"https:\\\/\\\/dellmeco.ca\\\/wp-content\\\/uploads\\\/2025\\\/10\\\/3A-Aseptische-Serie-AODD-Pomp.jpg\"},{\"@type\":\"BreadcrumbList\",\"@id\":\"https:\\\/\\\/dellmeco.ca\\\/3a-aseptic-series\\\/#breadcrumb\",\"itemListElement\":[{\"@type\":\"ListItem\",\"position\":1,\"name\":\"Home\",\"item\":\"https:\\\/\\\/dellmeco.ca\\\/\"},{\"@type\":\"ListItem\",\"position\":2,\"name\":\"3A ASEPTIC SERIES\"}]},{\"@type\":\"WebSite\",\"@id\":\"https:\\\/\\\/dellmeco.ca\\\/en\\\/#website\",\"url\":\"https:\\\/\\\/dellmeco.ca\\\/en\\\/\",\"name\":\"Dellmeco | Manufacturer of pumps\",\"description\":\"\",\"potentialAction\":[{\"@type\":\"SearchAction\",\"target\":{\"@type\":\"EntryPoint\",\"urlTemplate\":\"https:\\\/\\\/dellmeco.ca\\\/en\\\/?s={search_term_string}\"},\"query-input\":{\"@type\":\"PropertyValueSpecification\",\"valueRequired\":true,\"valueName\":\"search_term_string\"}}],\"inLanguage\":\"fr-FR\"}]}<\/script>\n<!-- \/ Yoast SEO Premium plugin. -->","yoast_head_json":{"title":"3A ASEPTIC SERIES - Dellmeco | Manufacturer of pumps","robots":{"index":"index","follow":"follow","max-snippet":"max-snippet:-1","max-image-preview":"max-image-preview:large","max-video-preview":"max-video-preview:-1"},"canonical":"https:\/\/dellmeco.ca\/fr\/3a-aseptic-series\/","og_locale":"fr_FR","og_type":"article","og_title":"3A ASEPTIC SERIES","og_description":"AODD PUMPS 3A Aseptic Series AISI 316L Sanitary standards for design and fabrication KEY FEATURES\u2013 Designed and approved to 3A standards\u2013 Fewer areas for bacterial growth\u2013 Easy to clean and disassemble\u2013 Suitable for Cleaning-In-Place (CIP) and Sterilization-In-Place (SIP) processes VIEW MANUALS","og_url":"https:\/\/dellmeco.ca\/fr\/3a-aseptic-series\/","og_site_name":"Dellmeco | Manufacturer of pumps","article_modified_time":"2026-04-05T18:21:21+00:00","og_image":[{"url":"https:\/\/dellmeco.ca\/wp-content\/uploads\/2025\/10\/3A-Aseptische-Serie-AODD-Pomp.jpg","type":"","width":"","height":""}],"twitter_card":"summary_large_image","schema":{"@context":"https:\/\/schema.org","@graph":[{"@type":"WebPage","@id":"https:\/\/dellmeco.ca\/3a-aseptic-series\/","url":"https:\/\/dellmeco.ca\/3a-aseptic-series\/","name":"3A ASEPTIC SERIES - Dellmeco | Manufacturer of pumps","isPartOf":{"@id":"https:\/\/dellmeco.ca\/en\/#website"},"primaryImageOfPage":{"@id":"https:\/\/dellmeco.ca\/3a-aseptic-series\/#primaryimage"},"image":{"@id":"https:\/\/dellmeco.ca\/3a-aseptic-series\/#primaryimage"},"thumbnailUrl":"https:\/\/dellmeco.ca\/wp-content\/uploads\/2025\/10\/3A-Aseptische-Serie-AODD-Pomp.jpg","datePublished":"2025-10-01T01:57:09+00:00","dateModified":"2026-04-05T18:21:21+00:00","breadcrumb":{"@id":"https:\/\/dellmeco.ca\/3a-aseptic-series\/#breadcrumb"},"inLanguage":"fr-FR","potentialAction":[{"@type":"ReadAction","target":["https:\/\/dellmeco.ca\/3a-aseptic-series\/"]}]},{"@type":"ImageObject","inLanguage":"fr-FR","@id":"https:\/\/dellmeco.ca\/3a-aseptic-series\/#primaryimage","url":"https:\/\/dellmeco.ca\/wp-content\/uploads\/2025\/10\/3A-Aseptische-Serie-AODD-Pomp.jpg","contentUrl":"https:\/\/dellmeco.ca\/wp-content\/uploads\/2025\/10\/3A-Aseptische-Serie-AODD-Pomp.jpg"},{"@type":"BreadcrumbList","@id":"https:\/\/dellmeco.ca\/3a-aseptic-series\/#breadcrumb","itemListElement":[{"@type":"ListItem","position":1,"name":"Home","item":"https:\/\/dellmeco.ca\/"},{"@type":"ListItem","position":2,"name":"3A ASEPTIC SERIES"}]},{"@type":"WebSite","@id":"https:\/\/dellmeco.ca\/en\/#website","url":"https:\/\/dellmeco.ca\/en\/","name":"Dellmeco | Manufacturer of pumps","description":"","potentialAction":[{"@type":"SearchAction","target":{"@type":"EntryPoint","urlTemplate":"https:\/\/dellmeco.ca\/en\/?s={search_term_string}"},"query-input":{"@type":"PropertyValueSpecification","valueRequired":true,"valueName":"search_term_string"}}],"inLanguage":"fr-FR"}]}},"_links":{"self":[{"href":"https:\/\/dellmeco.ca\/fr\/wp-json\/wp\/v2\/pages\/380","targetHints":{"allow":["GET"]}}],"collection":[{"href":"https:\/\/dellmeco.ca\/fr\/wp-json\/wp\/v2\/pages"}],"about":[{"href":"https:\/\/dellmeco.ca\/fr\/wp-json\/wp\/v2\/types\/page"}],"author":[{"embeddable":true,"href":"https:\/\/dellmeco.ca\/fr\/wp-json\/wp\/v2\/users\/1"}],"replies":[{"embeddable":true,"href":"https:\/\/dellmeco.ca\/fr\/wp-json\/wp\/v2\/comments?post=380"}],"version-history":[{"count":1,"href":"https:\/\/dellmeco.ca\/fr\/wp-json\/wp\/v2\/pages\/380\/revisions"}],"predecessor-version":[{"id":2181,"href":"https:\/\/dellmeco.ca\/fr\/wp-json\/wp\/v2\/pages\/380\/revisions\/2181"}],"wp:attachment":[{"href":"https:\/\/dellmeco.ca\/fr\/wp-json\/wp\/v2\/media?parent=380"}],"curies":[{"name":"wp","href":"https:\/\/api.w.org\/{rel}","templated":true}]}}